{"id":891,"date":"2018-06-14T13:30:11","date_gmt":"2018-06-14T11:30:11","guid":{"rendered":"http:\/\/www.woassteh.com\/files\/?page_id=891"},"modified":"2019-07-22T23:57:14","modified_gmt":"2019-07-22T21:57:14","slug":"datenschutzerklaerung","status":"publish","type":"page","link":"https:\/\/www.woassteh.com\/files\/datenschutzerklaerung\/","title":{"rendered":"Datenschutzerkl\u00e4rung f\u00fcr die Webseite des Kulturverein Wunderlich"},"content":{"rendered":"<p>Verantwortliche Stelle im Sinne der Datenschutzgesetze, insbesondere der EU-Datenschutzgrundverordnung (DSGVO), ist:<\/p>\n<p>Kulturverein Wunderlich<br \/>\nMag. Hugo Neuhauser<br \/>\nKronthalerstrasse 2<br \/>\nA -6330 Kufstein<\/p>\n<p>Tel.: +43 664 8349548<br \/>\nMail: hugo @ woassteh.com (ACHTUNG: Leerzeichen vor und nach dem @ weglassen)<\/p>\n<h3>Welche Daten wir \u00fcber Sie verarbeiten:<\/h3>\n<p>In Verbindung mit Ihrem Besuch unserer Websites werden folgende Daten erhoben: Datum und Uhrzeit des Aufrufs der Seite, IP-Adresse, Name und Version des Web-Browsers, die Website (URL), von der Sie auf unsere Seite gekommen sind, jene Informationen, die Sie uns selbst, etwa durch Ausf\u00fcllen eines Web-Formulars, zur Verf\u00fcgung stellen und bestimmte Cookie-Informationen.<\/p>\n<p>Ein Cookie ist eine kleine elektronische Datei, die durch den Besuch auf unserer Website auf Ihrem Endger\u00e4t (Computer, Tablet, Mobiltelefon) gespeichert wird. Ein Cookie dient im Allgemeinen dazu, zus\u00e4tzliche Funktionen der Website zu erm\u00f6glichen, die Navigation auf der Seite zu erleichtern, oder die von Ihnen vorgenommenen Einstellungen wiederherzustellen, wenn Sie die Seite neuerlich besuchen. Die Cookies auf unseren Websites sind Session-Cookies, die automatisch wieder gel\u00f6scht werden, wenn Sie die Seite verlassen.<\/p>\n<p>Die Verarbeitung Ihrer personenbezogenen Daten basiert auf unserem berechtigten Interesse aus den vorgenannten Zwecken zur Datenerhebung. Wir verwenden Ihre Daten nicht, um R\u00fcckschl\u00fcsse auf Ihre Person zu ziehen. Empf\u00e4nger der Daten sind nur die verantwortliche Stelle und ggf. Auftragsverarbeiter.<\/p>\n<p>Anonyme Informationen dieser Art werden von uns ggfs. statistisch ausgewertet, um unseren Internetauftritt und die dahinterstehende Technik zu optimieren.<\/p>\n<h3>Zwecke der Datenverarbeitung:<\/h3>\n<p>Wir verarbeiten Ihre personenbezogenen Daten<\/p>\n<ul>\n<li>um Ihnen unsere Webseiten zur Verf\u00fcgung stellen zu k\u00f6nnen und diese Seiten laufend zu verbessern;<\/li>\n<li>um Nutzungsstatistiken unserer Seiten erstellen zu k\u00f6nnen;<\/li>\n<li>zu dem Zweck, der in dem jeweiligen Webformular angegeben ist;<\/li>\n<li>ist kein Zweck angegeben, um Ihre Anfragen beantworten zu k\u00f6nnen.<\/li>\n<li>um Ihnen Ihre reservierte\/bestellten Karten an der Abendkassa der betreffenden Veranstaltung auszuh\u00e4ndigen.<\/li>\n<\/ul>\n<p>Eine \u00dcbermittlung Ihrer pers\u00f6nlichen Daten an Dritte findet nicht statt<\/p>\n<h3>Ihre Betroffenenrechte<\/h3>\n<p>Unter den angegebenen Kontaktdaten unseres Datenschutzbeauftragten k\u00f6nnen Sie jederzeit folgende Rechte aus\u00fcben:<\/p>\n<ul>\n<li>Auskunft \u00fcber Ihre bei uns gespeicherten Daten und deren Verarbeitung,<\/li>\n<li>Berichtigung unrichtiger personenbezogener Daten,<\/li>\n<li>L\u00f6schung Ihrer bei uns gespeicherten Daten,<\/li>\n<li>Einschr\u00e4nkung der Datenverarbeitung, sofern wir Ihre Daten aufgrund gesetzlicher Pflichten noch nicht l\u00f6schen d\u00fcrfen,<\/li>\n<li>Widerspruch gegen die Verarbeitung Ihrer Daten bei uns und<\/li>\n<\/ul>\n<p>Sofern Sie uns eine Einwilligung erteilt haben, k\u00f6nnen Sie diese jederzeit mit Wirkung f\u00fcr die Zukunft widerrufen.<\/p>\n<p>Sie k\u00f6nnen sich jederzeit mit einer Beschwerde an die f\u00fcr Sie zust\u00e4ndige Aufsichtsbeh\u00f6rde wenden. \u00d6sterreichische Datenschutzbeh\u00f6rde: <a href=\"https:\/\/www.dsb.gv.at\/kontakt\" target=\"_blank\" rel=\"noopener\">&gt;&gt; https:\/\/www.dsb.gv.at\/kontakt<\/a><\/p>\n<h3>L\u00f6schung bzw. Sperrung der Daten<\/h3>\n<p>Wir halten uns an die Grunds\u00e4tze der Datenvermeidung und Datensparsamkeit. Wir speichern Ihre personenbezogenen Daten daher nur so lange, wie dies zur Erreichung der hier genannten Zwecke erforderlich ist oder wie es die vom Gesetzgeber vorgesehenen vielf\u00e4ltigen Speicherfristen vorsehen. Nach Fortfall des jeweiligen Zweckes bzw. Ablauf dieser Fristen werden die entsprechenden Daten routinem\u00e4\u00dfig und entsprechend den gesetzlichen Vorschriften gesperrt oder gel\u00f6scht.<\/p>\n<h3 class=\"western\">Newsletter<\/h3>\n<p>Auf Grundlage Ihrer ausdr\u00fccklich erteilten Einwilligung, \u00fcbersenden wir Ihnen regelm\u00e4\u00dfig unseren Newsletter bzw. vergleichbare Informationen per E-Mail an Ihre angegebene E-Mail-Adresse.<\/p>\n<p>F\u00fcr den Empfang des Newsletters ist die Angabe Ihrer E-Mail-Adresse und Ihres Namens ausreichend. Bei der Anmeldung zum Bezug unseres Newsletters werden die von Ihnen angegebenen Daten ausschlie\u00dflich f\u00fcr diesen Zweck verwendet. Abonnenten k\u00f6nnen auch \u00fcber Umst\u00e4nde per E-Mail informiert werden, die f\u00fcr den Dienst oder die Registrierung relevant sind (Beispielsweise \u00c4nderungen des Newsletterangebots oder technische Gegebenheiten).<\/p>\n<p>F\u00fcr eine wirksame Registrierung ben\u00f6tigen wir eine valide E-Mail-Adresse. Um zu \u00fcberpr\u00fcfen, dass eine Anmeldung tats\u00e4chlich durch den Inhaber einer E-Mail-Adresse erfolgt, setzen wir das \u201eDouble-opt-in\u201c-Verfahren ein. Hierzu protokollieren wir die Bestellung des Newsletters, den Versand einer Best\u00e4tigungsmail und den Eingang der hiermit angeforderten Antwort. Weitere Daten werden nicht erhoben. Die Daten werden ausschlie\u00dflich f\u00fcr den Newsletterversand verwendet und nicht an Dritte weitergegeben.<\/p>\n<p>Die Einwilligung zur Speicherung Ihrer pers\u00f6nlichen Daten und ihrer Nutzung f\u00fcr den Newsletterversand k\u00f6nnen Sie jederzeit widerrufen. In jedem Newsletter findet sich dazu ein entsprechender Link. Au\u00dferdem k\u00f6nnen Sie sich jederzeit auch direkt auf dieser Webseite abmelden oder uns Ihren entsprechenden Wunsch \u00fcber die am Ende dieser Datenschutzhinweise angegebene Kontaktm\u00f6glichkeit mitteilen.<\/p>\n<h3>Kontaktformular<\/h3>\n<p>Treten Sie mit uns per E-Mail oder Kontaktformular in Kontakt, erteilen Sie uns zum Zwecke der Kontaktaufnahme Ihre freiwillige Einwilligung. Hierf\u00fcr ist die Angabe einer validen E-Mail-Adresse erforderlich. Diese dient der Zuordnung der Anfrage und der anschlie\u00dfenden Beantwortung derselben. Die Angabe weiterer Daten ist optional. Die von Ihnen gemachten Angaben werden zum Zwecke der Bearbeitung der Anfrage sowie f\u00fcr m\u00f6gliche Anschlussfragen gespeichert. Nach Erledigung der von Ihnen gestellten Anfrage werden personenbezogene Daten automatisch gel\u00f6scht.<\/p>\n<h3>Kartenbestellformular<\/h3>\n<p>Die von Ihnen zum Zwecke der Kartenbestellung\/reservierung angegebenen Daten werden ausschlie\u00dflich zum Zwecke der Bearbeitung der Anfrage und f\u00fcr Infomails zu der von Ihnen reservierten Veranstaltung verwendet. Sp\u00e4testens drei Monate nach der Veranstaltung werden Ihre Daten wieder gel\u00f6scht.<\/p>\n<h3>Verwendung von Scriptbibliotheken (Google Webfonts)<\/h3>\n<p>Um unsere Inhalte browser\u00fcbergreifend korrekt und grafisch ansprechend darzustellen, verwenden wir auf dieser Website Scriptbibliotheken und Schriftbibliotheken wie z. B. Google Webfonts (<a href=\"http:\/\/www.google.com\/webfonts\/\" target=\"_blank\" rel=\"noopener\">https:\/\/www.google.com\/webfonts\/<\/a>). Google Webfonts werden zur Vermeidung mehrfachen Ladens in den Cache Ihres Browsers \u00fcbertragen. Falls der Browser die Google Webfonts nicht unterst\u00fctzt oder den Zugriff unterbindet, werden Inhalte in einer Standardschrift angezeigt.<\/p>\n<p>Der Aufruf von Scriptbibliotheken oder Schriftbibliotheken l\u00f6st automatisch eine Verbindung zum Betreiber der Bibliothek aus. Dabei ist es theoretisch m\u00f6glich \u2013 aktuell allerdings auch unklar ob und ggf. zu welchen Zwecken \u2013 dass Betreiber entsprechender Bibliotheken Daten erheben.<\/p>\n<p>Die Datenschutzrichtlinie des Bibliothekbetreibers Google finden Sie hier: <a href=\"https:\/\/www.google.com\/policies\/privacy\/\" target=\"_blank\" rel=\"noopener\">https:\/\/www.google.com\/policies\/privacy\/<\/a><\/p>\n<h3 class=\"western\">Verwendung von Google Maps<\/h3>\n<p>Diese Webseite verwendet Google Maps API, um geographische Informationen visuell darzustellen. Bei der Nutzung von Google Maps werden von Google auch Daten \u00fcber die Nutzung der Kartenfunktionen durch Besucher erhoben, verarbeitet und genutzt. N\u00e4here Informationen \u00fcber die Datenverarbeitung durch Google k\u00f6nnen Sie <a href=\"http:\/\/www.google.com\/privacypolicy.html\" target=\"_blank\" rel=\"noopener\">den Google-Datenschutzhinweisen<\/a> entnehmen. Dort k\u00f6nnen Sie im Datenschutzcenter auch Ihre pers\u00f6nlichen Datenschutz-Einstellungen ver\u00e4ndern.<\/p>\n<p>Ausf\u00fchrliche Anleitungen zur Verwaltung der eigenen Daten im Zusammenhang mit Google-Produkten<span style=\"color: #000080;\"><span lang=\"zxx\"><u><a href=\"http:\/\/www.dataliberation.org\/\" target=\"_blank\" rel=\"noopener\"> finden Sie hier<\/a><\/u><\/span><\/span>.<\/p>\n<h3 class=\"western\">Social Plugins<\/h3>\n<p>Wir bieten Ihnen auf unserer Webseite die M\u00f6glichkeit der Nutzung von sog. \u201eSocial-Media-Buttons\u201c an. Zum Schutze Ihrer Daten setzen wir bei der Implementierung auf die L\u00f6sung \u201eShariff\u201c. Hierdurch werden diese Buttons auf der Webseite lediglich als Grafik eingebunden, die eine Verlinkung auf die entsprechende Webseite des Button-Anbieters enth\u00e4lt. Durch Anklicken der Grafik werden Sie somit zu den Diensten der jeweiligen Anbieter weitergeleitet. Erst dann werden Ihre Daten an die jeweiligen Anbieter gesendet. Sofern Sie die Grafik nicht anklicken, findet keinerlei Austausch zwischen Ihnen und den Anbietern der Social-Media-Buttons statt. Informationen \u00fcber die Erhebung und Verwendung Ihrer Daten in den sozialen Netzwerken finden Sie in den jeweiligen Nutzungsbedingungen der entsprechenden Anbieter. Mehr Informationen zur Shariff-L\u00f6sung finden Sie hier: <span style=\"color: #000080;\"><span lang=\"zxx\"><u><a href=\"http:\/\/www.heise.de\/ct\/artikel\/Shariff-Social-Media-Buttons-mit-Datenschutz-2467514.html\" target=\"_blank\" rel=\"noopener\">http:\/\/www.heise.de\/ct\/artikel\/Shariff-Social-Media-Buttons-mit-Datenschutz-2467514.html<\/a><\/u><\/span><\/span><\/p>\n<p>Wir haben auf unserer Website die Social-Media-Buttons folgendes Unternehmens eingebunden:<br \/>\nFacebook Inc. (1601 S. California Ave &#8211; Palo Alto &#8211; CA 94304 &#8211; USA) Datenrichtlinien: <a href=\"https:\/\/www.facebook.com\/about\/privacy\/update\" target=\"_blank\" rel=\"noopener\">https:\/\/www.facebook.com\/about\/privacy\/update<\/a><br \/>\nHinweis: Falls Sie zeitgleich bei Facebook angemeldet sind, kann Facebook Sie als Besucher einer bestimmten Seite identifizieren. Wenn Sie nicht w\u00fcnschen, dass Facebook den Besuch unserer Seiten Ihrem Facebook-Account zuordnen kann, loggen Sie sich bitte aus Ihrem Facebook-Benutzerkonto aus.<\/p>\n<h3><strong>\u00c4nderung unserer Datenschutzbestimmungen<\/strong><\/h3>\n<p>Wir behalten uns vor, diese Datenschutzerkl\u00e4rung anzupassen, damit sie stets den aktuellen rechtlichen Anforderungen entspricht oder um \u00c4nderungen unserer Leistungen in der Datenschutzerkl\u00e4rung umzusetzen, z.B. bei der Einf\u00fchrung neuer Services. F\u00fcr Ihren erneuten Besuch gilt dann die neue Datenschutzerkl\u00e4rung.<\/p>\n<h3><strong>Fragen an den Datenschutzbeauftragten<\/strong><\/h3>\n<p>Wenn Sie Fragen zum Datenschutz haben, schreiben Sie uns bitte eine E-Mail oder wenden Sie sich direkt an:<\/p>\n<p>Kulturverein Wunderlich<br \/>\nMag. Hugo Neuhauser<br \/>\nKronthalerstrasse 2<br \/>\nA -6330 Kufstein<\/p>\n<p>Tel.: +43 664 8349548<br \/>\nMail: hugo @ woassteh.com (ACHTUNG: Leerzeichen vor und nach dem @ weglassen)<\/p>\n<p><em>Die Datenschutzerkl\u00e4rung wurde mit dem <a href=\"https:\/\/www.activemind.de\/datenschutz\/datenschutzhinweis-generator\/\" target=\"_blank\" rel=\"noopener\">Datenschutzerkl\u00e4rungs-Generator der activeMind AG erstellt<\/a>.<\/em><\/p>\n<div class=\"shariff shariff-align-flex-start shariff-widget-align-flex-start\" data-services=\"facebook\" data-url=\"https%3A%2F%2Fwww.woassteh.com%2Ffiles%2Fdatenschutzerklaerung%2F\" data-timestamp=\"1563839834\" data-backendurl=\"https:\/\/www.woassteh.com\/files\/wp-json\/shariff\/v1\/share_counts?\"><ul class=\"shariff-buttons theme-default orientation-horizontal buttonsize-medium\"><li class=\"shariff-button facebook shariff-nocustomcolor\" style=\"background-color:#4273c8\"><a href=\"https:\/\/www.facebook.com\/sharer\/sharer.php?u=https%3A%2F%2Fwww.woassteh.com%2Ffiles%2Fdatenschutzerklaerung%2F\" title=\"Bei Facebook teilen\" aria-label=\"Bei Facebook teilen\" role=\"button\" rel=\"nofollow\" class=\"shariff-link\" style=\"; background-color:#3b5998; color:#fff\" target=\"_blank\"><span class=\"shariff-icon\" style=\"\"><svg width=\"32px\" height=\"20px\" xmlns=\"http:\/\/www.w3.org\/2000\/svg\" viewBox=\"0 0 18 32\"><path fill=\"#3b5998\" d=\"M17.1 0.2v4.7h-2.8q-1.5 0-2.1 0.6t-0.5 1.9v3.4h5.2l-0.7 5.3h-4.5v13.6h-5.5v-13.6h-4.5v-5.3h4.5v-3.9q0-3.3 1.9-5.2t5-1.8q2.6 0 4.1 0.2z\"\/><\/svg><\/span><span class=\"shariff-text\">teilen<\/span>&nbsp;<\/a><\/li><\/ul><\/div>","protected":false},"excerpt":{"rendered":"<p>Verantwortliche Stelle im Sinne der Datenschutzgesetze, insbesondere der EU-Datenschutzgrundverordnung (DSGVO), ist: Kulturverein Wunderlich Mag. Hugo Neuhauser Kronthalerstrasse 2 A -6330 Kufstein Tel.: +43 664 8349548 Mail: hugo @ woassteh.com (ACHTUNG: Leerzeichen vor und nach dem @ weglassen) Welche Daten wir \u00fcber Sie verarbeiten: In Verbindung mit Ihrem Besuch unserer Websites &#8230;<\/p>\n","protected":false},"author":1,"featured_media":0,"parent":0,"menu_order":0,"comment_status":"closed","ping_status":"closed","template":"","meta":{"footnotes":""},"class_list":["post-891","page","type-page","status-publish","hentry","column","threecol"],"yoast_head":"<!-- This site is optimized with the Yoast SEO plugin v27.0 - https:\/\/yoast.com\/product\/yoast-seo-wordpress\/ -->\n<title>Datenschutzerkl\u00e4rung f\u00fcr die Webseite des Kulturverein Wunderlich - Kulturverein Wunderlich, Kufstein, Tirol, Kabarett, Konzerte<\/title>\n<meta name=\"robots\" content=\"index, follow, max-snippet:-1, max-image-preview:large, max-video-preview:-1\" \/>\n<link rel=\"canonical\" href=\"https:\/\/www.woassteh.com\/files\/datenschutzerklaerung\/\" \/>\n<meta name=\"twitter:label1\" content=\"Gesch\u00e4tzte Lesezeit\" \/>\n\t<meta name=\"twitter:data1\" content=\"7\u00a0Minuten\" \/>\n<script type=\"application\/ld+json\" class=\"yoast-schema-graph\">{\"@context\":\"https:\/\/schema.org\",\"@graph\":[{\"@type\":\"WebPage\",\"@id\":\"https:\/\/www.woassteh.com\/files\/datenschutzerklaerung\/\",\"url\":\"https:\/\/www.woassteh.com\/files\/datenschutzerklaerung\/\",\"name\":\"Datenschutzerkl\u00e4rung f\u00fcr die Webseite des Kulturverein Wunderlich - Kulturverein Wunderlich, Kufstein, Tirol, Kabarett, Konzerte\",\"isPartOf\":{\"@id\":\"https:\/\/www.woassteh.com\/files\/#website\"},\"datePublished\":\"2018-06-14T11:30:11+00:00\",\"dateModified\":\"2019-07-22T21:57:14+00:00\",\"breadcrumb\":{\"@id\":\"https:\/\/www.woassteh.com\/files\/datenschutzerklaerung\/#breadcrumb\"},\"inLanguage\":\"de\",\"potentialAction\":[{\"@type\":\"ReadAction\",\"target\":[\"https:\/\/www.woassteh.com\/files\/datenschutzerklaerung\/\"]}]},{\"@type\":\"BreadcrumbList\",\"@id\":\"https:\/\/www.woassteh.com\/files\/datenschutzerklaerung\/#breadcrumb\",\"itemListElement\":[{\"@type\":\"ListItem\",\"position\":1,\"name\":\"Home\",\"item\":\"https:\/\/www.woassteh.com\/files\/\"},{\"@type\":\"ListItem\",\"position\":2,\"name\":\"Datenschutzerkl\u00e4rung f\u00fcr die Webseite des Kulturverein Wunderlich\"}]},{\"@type\":\"WebSite\",\"@id\":\"https:\/\/www.woassteh.com\/files\/#website\",\"url\":\"https:\/\/www.woassteh.com\/files\/\",\"name\":\"Kulturverein Wunderlich\",\"description\":\"\",\"potentialAction\":[{\"@type\":\"SearchAction\",\"target\":{\"@type\":\"EntryPoint\",\"urlTemplate\":\"https:\/\/www.woassteh.com\/files\/?s={search_term_string}\"},\"query-input\":{\"@type\":\"PropertyValueSpecification\",\"valueRequired\":true,\"valueName\":\"search_term_string\"}}],\"inLanguage\":\"de\"}]}<\/script>\n<!-- \/ Yoast SEO plugin. -->","yoast_head_json":{"title":"Datenschutzerkl\u00e4rung f\u00fcr die Webseite des Kulturverein Wunderlich - Kulturverein Wunderlich, Kufstein, Tirol, Kabarett, Konzerte","robots":{"index":"index","follow":"follow","max-snippet":"max-snippet:-1","max-image-preview":"max-image-preview:large","max-video-preview":"max-video-preview:-1"},"canonical":"https:\/\/www.woassteh.com\/files\/datenschutzerklaerung\/","twitter_misc":{"Gesch\u00e4tzte Lesezeit":"7\u00a0Minuten"},"schema":{"@context":"https:\/\/schema.org","@graph":[{"@type":"WebPage","@id":"https:\/\/www.woassteh.com\/files\/datenschutzerklaerung\/","url":"https:\/\/www.woassteh.com\/files\/datenschutzerklaerung\/","name":"Datenschutzerkl\u00e4rung f\u00fcr die Webseite des Kulturverein Wunderlich - Kulturverein Wunderlich, Kufstein, Tirol, Kabarett, Konzerte","isPartOf":{"@id":"https:\/\/www.woassteh.com\/files\/#website"},"datePublished":"2018-06-14T11:30:11+00:00","dateModified":"2019-07-22T21:57:14+00:00","breadcrumb":{"@id":"https:\/\/www.woassteh.com\/files\/datenschutzerklaerung\/#breadcrumb"},"inLanguage":"de","potentialAction":[{"@type":"ReadAction","target":["https:\/\/www.woassteh.com\/files\/datenschutzerklaerung\/"]}]},{"@type":"BreadcrumbList","@id":"https:\/\/www.woassteh.com\/files\/datenschutzerklaerung\/#breadcrumb","itemListElement":[{"@type":"ListItem","position":1,"name":"Home","item":"https:\/\/www.woassteh.com\/files\/"},{"@type":"ListItem","position":2,"name":"Datenschutzerkl\u00e4rung f\u00fcr die Webseite des Kulturverein Wunderlich"}]},{"@type":"WebSite","@id":"https:\/\/www.woassteh.com\/files\/#website","url":"https:\/\/www.woassteh.com\/files\/","name":"Kulturverein Wunderlich","description":"","potentialAction":[{"@type":"SearchAction","target":{"@type":"EntryPoint","urlTemplate":"https:\/\/www.woassteh.com\/files\/?s={search_term_string}"},"query-input":{"@type":"PropertyValueSpecification","valueRequired":true,"valueName":"search_term_string"}}],"inLanguage":"de"}]}},"_links":{"self":[{"href":"https:\/\/www.woassteh.com\/files\/wp-json\/wp\/v2\/pages\/891","targetHints":{"allow":["GET"]}}],"collection":[{"href":"https:\/\/www.woassteh.com\/files\/wp-json\/wp\/v2\/pages"}],"about":[{"href":"https:\/\/www.woassteh.com\/files\/wp-json\/wp\/v2\/types\/page"}],"author":[{"embeddable":true,"href":"https:\/\/www.woassteh.com\/files\/wp-json\/wp\/v2\/users\/1"}],"replies":[{"embeddable":true,"href":"https:\/\/www.woassteh.com\/files\/wp-json\/wp\/v2\/comments?post=891"}],"version-history":[{"count":2,"href":"https:\/\/www.woassteh.com\/files\/wp-json\/wp\/v2\/pages\/891\/revisions"}],"predecessor-version":[{"id":1035,"href":"https:\/\/www.woassteh.com\/files\/wp-json\/wp\/v2\/pages\/891\/revisions\/1035"}],"wp:attachment":[{"href":"https:\/\/www.woassteh.com\/files\/wp-json\/wp\/v2\/media?parent=891"}],"curies":[{"name":"wp","href":"https:\/\/api.w.org\/{rel}","templated":true}]}}