{"id":873,"date":"2018-03-15T17:12:54","date_gmt":"2018-03-15T15:12:54","guid":{"rendered":"http:\/\/www.woassteh.com\/files\/?page_id=873"},"modified":"2018-12-03T09:04:44","modified_gmt":"2018-12-03T07:04:44","slug":"rueckblick-2018","status":"publish","type":"page","link":"https:\/\/www.woassteh.com\/files\/rueckblick-2018\/","title":{"rendered":"R\u00fcckblick 2018"},"content":{"rendered":"<p><strong>Sa 10. Februar 2018, 20 Uhr<\/strong><b><br \/>\n<\/b><strong><span style=\"color: #e10916;\">Han\u00b4s Klaffl<\/span><\/strong><br \/>\n<strong><span style=\"color: #e10916;\"> \u201c40 Jahre Ferien &#8211; Ein Lehrer packt ein\u201d, Kabarett<\/span><\/strong><br \/>\nVeranstaltungsort: Kultur Quartier Kufstein<br \/>\n<a title=\"Han\u00b4s Klaffl\" href=\"http:\/\/www.woassteh.com\/files\/hans-klaffl-2\/\">&gt;&gt;mehr<\/a><\/p>\n<p><strong>Sa 17. M\u00e4rz 2018, 20 Uhr<\/strong><b><br \/>\n<\/b><strong><span style=\"color: #70ad24;\">Thomas Huber<br \/>\n\u201cSehnsucht Torre\u201d, Multivisions-Vortrag<\/span><\/strong><br \/>\nVeranstaltungsort: Kultur Quartier Kufstein<br \/>\n<a title=\"Thomas Huber\" href=\"http:\/\/www.woassteh.com\/files\/thomas-huber\/\">&gt;&gt;mehr<\/a><\/p>\n<p><strong>Sa 14. April 2018, 20 Uhr<\/strong><b><br \/>\n<\/b><strong><span style=\"color: #fe7316;\">Sigi Zimmerschied<\/span><\/strong><br \/>\n<strong><span style=\"color: #fe7316;\">&#8222;Der siebte Tag &#8211; ein Ersch\u00f6pfungsbericht&#8220;, Kabarett, Tirolpremiere<\/span><\/strong><br \/>\nVeranstaltungsort: Kulturfabrik Kufstein<br \/>\n<a title=\"Sigi Zimmerschied\" href=\"http:\/\/www.woassteh.com\/files\/sigi-zimmerschied-3\/\"><span style=\"color: #0066cc;\">&gt;&gt;mehr<\/span><\/a><\/p>\n<p><strong>Sa 05. Mai 2018, 20 Uhr<\/strong><br \/>\n<strong> <span style=\"color: #0085d7;\">Gerhard Polt und die Well-Br\u00fcder<br \/>\n\u201cGehobene Unterhaltung mit humanit\u00e4rem Beigeschmack\u201d, Kabarett<\/span><\/strong><br \/>\nVeranstaltungsort: Kufstein Arena<br \/>\n<span style=\"color: #ff0000;\"><strong>Achtung! Der Onlinevorverkauf wurde eingestellt. Ab Mitte M\u00e4rz sind noch wenige Restkarten bei papier+b\u00fccher \u00f6gg sowie der Sparkasse Kufstein erh\u00e4ltlich.<\/strong><\/span><br \/>\n<a title=\"Gerhard Polt und die Well-Br\u00fcder\" href=\"http:\/\/www.woassteh.com\/files\/gerhard-polt-und-die-well-brueder\/\">&gt;&gt;mehr<\/a><\/p>\n<p><strong>Sa 23. Juni 2018, 20 Uhr<\/strong><br \/>\n<strong><span style=\"color: #ffc100;\">Gew\u00fcrztraminer und da gmischte Satz<\/span><\/strong><br \/>\n<strong><span style=\"color: #ffc100;\">&#8222;Tanzverbot&#8220;, Konzert<\/span><\/strong><br \/>\nVeranstaltungsort: Altes S\u00e4gewerk der Fa. Pirlo<br \/>\n<a title=\"Gew\u00fcrztraminer und da gmischte Satz\" href=\"http:\/\/www.woassteh.com\/files\/gewuerztraminer-und-da-gmischte-satz\/\">&gt;&gt;mehr<\/a><\/p>\n<p><strong>Sa 15. September 2018, 20 Uhr<\/strong><br \/>\n<strong> <span style=\"color: #9d0c67;\">Gery Seidl<br \/>\n\u201cSonntagskinder\u201d, Kabarett, Tirolpremiere<\/span><\/strong><br \/>\nVeranstaltungsort: Kultur Quartier Kufstein<br \/>\n<a title=\"Gery Seidl\" href=\"http:\/\/www.woassteh.com\/files\/gery-seidl\/\">&gt;&gt;mehr<\/a><\/p>\n<p><strong>Sa 13. Oktober 2018, 20 Uhr<\/strong><br \/>\n<strong><span style=\"color: #e8528f;\">Gisela Jo\u00e3o<br \/>\n&#8222;Nua &#8211; Tour 2018&#8220;, Fadokonzert, Tirolpremiere<\/span><\/strong><br \/>\nVeranstaltungsort: Kultur Quartier Kufstein<br \/>\n<a title=\"Gisela Jo\u00e3o\" href=\"http:\/\/www.woassteh.com\/files\/gisela-joao\/\">&gt;&gt;mehr<\/a><\/p>\n<p><strong>Sa 03. November 2018, 20 Uhr<\/strong><br \/>\n<strong> <span style=\"color: #00956d;\">Juan Jos\u00e9 Mosalini y su Gran Orquesta de Tango<br \/>\n\u201cAstor Piazolla &amp; More\u201d, Tango-Konzert, Tirolpremiere<\/span><\/strong><br \/>\nVeranstaltungsort: Kufstein Arena<br \/>\n<a title=\"Juan Jos\u00e9 Mosalini y su Gran Orquesta de Tango\" href=\"http:\/\/www.woassteh.com\/files\/juan-jose-mosalini-y-su-gran-orquesta-de-tango\/\">&gt;&gt;mehr<\/a><\/p>\n<p><strong>Sa 01. Dezember 2018, 20 Uhr<\/strong><br \/>\n<strong><span style=\"color: #00367c;\">Die Herren Wunderlich feat. La Rose Rouge Ballhaus-Orchester<br \/>\n&#8222;Happy Feet \u2013 Singen &amp; Swingen zu Tanzmusik der 1920er-40er Jahre&#8220;<br \/>\n20er-Jahre Galakonzert<\/span><\/strong><br \/>\nVeranstaltungsort: Kultur Quartier, Kufstein<br \/>\n<a title=\"Die Herren Wunderlich mit Orchester La Rose Rouge\" href=\"http:\/\/www.woassteh.com\/files\/herren-wunderlich-orchester-la-rose-rouge\/\">&gt;&gt;mehr<\/a><\/p>\n<div class=\"shariff shariff-align-flex-start shariff-widget-align-flex-start\" data-services=\"facebook\" data-url=\"https%3A%2F%2Fwww.woassteh.com%2Ffiles%2Frueckblick-2018%2F\" data-timestamp=\"1543827884\" data-backendurl=\"https:\/\/www.woassteh.com\/files\/wp-json\/shariff\/v1\/share_counts?\"><ul class=\"shariff-buttons theme-default orientation-horizontal buttonsize-medium\"><li class=\"shariff-button facebook shariff-nocustomcolor\" style=\"background-color:#4273c8\"><a href=\"https:\/\/www.facebook.com\/sharer\/sharer.php?u=https%3A%2F%2Fwww.woassteh.com%2Ffiles%2Frueckblick-2018%2F\" title=\"Bei Facebook teilen\" aria-label=\"Bei Facebook teilen\" role=\"button\" rel=\"nofollow\" class=\"shariff-link\" style=\"; background-color:#3b5998; color:#fff\" target=\"_blank\"><span class=\"shariff-icon\" style=\"\"><svg width=\"32px\" height=\"20px\" xmlns=\"http:\/\/www.w3.org\/2000\/svg\" viewBox=\"0 0 18 32\"><path fill=\"#3b5998\" d=\"M17.1 0.2v4.7h-2.8q-1.5 0-2.1 0.6t-0.5 1.9v3.4h5.2l-0.7 5.3h-4.5v13.6h-5.5v-13.6h-4.5v-5.3h4.5v-3.9q0-3.3 1.9-5.2t5-1.8q2.6 0 4.1 0.2z\"\/><\/svg><\/span><span class=\"shariff-text\">teilen<\/span>&nbsp;<\/a><\/li><\/ul><\/div>","protected":false},"excerpt":{"rendered":"<p>Sa 10. Februar 2018, 20 Uhr Han\u00b4s Klaffl \u201c40 Jahre Ferien &#8211; Ein Lehrer packt ein\u201d, Kabarett Veranstaltungsort: Kultur Quartier Kufstein &gt;&gt;mehr Sa 17. M\u00e4rz 2018, 20 Uhr Thomas Huber \u201cSehnsucht Torre\u201d, Multivisions-Vortrag Veranstaltungsort: Kultur Quartier Kufstein &gt;&gt;mehr Sa 14. April 2018, 20 Uhr Sigi Zimmerschied &#8222;Der siebte Tag &#8211; &#8230;<\/p>\n","protected":false},"author":1,"featured_media":0,"parent":0,"menu_order":0,"comment_status":"closed","ping_status":"closed","template":"","meta":{"footnotes":""},"class_list":["post-873","page","type-page","status-publish","hentry","column","threecol"],"yoast_head":"<!-- This site is optimized with the Yoast SEO plugin v27.0 - https:\/\/yoast.com\/product\/yoast-seo-wordpress\/ -->\n<title>R\u00fcckblick 2018 - Kulturverein Wunderlich, Kufstein, Tirol, Kabarett, Konzerte<\/title>\n<meta name=\"robots\" content=\"index, follow, max-snippet:-1, max-image-preview:large, max-video-preview:-1\" \/>\n<link rel=\"canonical\" href=\"https:\/\/www.woassteh.com\/files\/rueckblick-2018\/\" \/>\n<meta name=\"twitter:label1\" content=\"Gesch\u00e4tzte Lesezeit\" \/>\n\t<meta name=\"twitter:data1\" content=\"1\u00a0Minute\" \/>\n<script type=\"application\/ld+json\" class=\"yoast-schema-graph\">{\"@context\":\"https:\/\/schema.org\",\"@graph\":[{\"@type\":\"WebPage\",\"@id\":\"https:\/\/www.woassteh.com\/files\/rueckblick-2018\/\",\"url\":\"https:\/\/www.woassteh.com\/files\/rueckblick-2018\/\",\"name\":\"R\u00fcckblick 2018 - Kulturverein Wunderlich, Kufstein, Tirol, Kabarett, Konzerte\",\"isPartOf\":{\"@id\":\"https:\/\/www.woassteh.com\/files\/#website\"},\"datePublished\":\"2018-03-15T15:12:54+00:00\",\"dateModified\":\"2018-12-03T07:04:44+00:00\",\"breadcrumb\":{\"@id\":\"https:\/\/www.woassteh.com\/files\/rueckblick-2018\/#breadcrumb\"},\"inLanguage\":\"de\",\"potentialAction\":[{\"@type\":\"ReadAction\",\"target\":[\"https:\/\/www.woassteh.com\/files\/rueckblick-2018\/\"]}]},{\"@type\":\"BreadcrumbList\",\"@id\":\"https:\/\/www.woassteh.com\/files\/rueckblick-2018\/#breadcrumb\",\"itemListElement\":[{\"@type\":\"ListItem\",\"position\":1,\"name\":\"Home\",\"item\":\"https:\/\/www.woassteh.com\/files\/\"},{\"@type\":\"ListItem\",\"position\":2,\"name\":\"R\u00fcckblick 2018\"}]},{\"@type\":\"WebSite\",\"@id\":\"https:\/\/www.woassteh.com\/files\/#website\",\"url\":\"https:\/\/www.woassteh.com\/files\/\",\"name\":\"Kulturverein Wunderlich\",\"description\":\"\",\"potentialAction\":[{\"@type\":\"SearchAction\",\"target\":{\"@type\":\"EntryPoint\",\"urlTemplate\":\"https:\/\/www.woassteh.com\/files\/?s={search_term_string}\"},\"query-input\":{\"@type\":\"PropertyValueSpecification\",\"valueRequired\":true,\"valueName\":\"search_term_string\"}}],\"inLanguage\":\"de\"}]}<\/script>\n<!-- \/ Yoast SEO plugin. -->","yoast_head_json":{"title":"R\u00fcckblick 2018 - Kulturverein Wunderlich, Kufstein, Tirol, Kabarett, Konzerte","robots":{"index":"index","follow":"follow","max-snippet":"max-snippet:-1","max-image-preview":"max-image-preview:large","max-video-preview":"max-video-preview:-1"},"canonical":"https:\/\/www.woassteh.com\/files\/rueckblick-2018\/","twitter_misc":{"Gesch\u00e4tzte Lesezeit":"1\u00a0Minute"},"schema":{"@context":"https:\/\/schema.org","@graph":[{"@type":"WebPage","@id":"https:\/\/www.woassteh.com\/files\/rueckblick-2018\/","url":"https:\/\/www.woassteh.com\/files\/rueckblick-2018\/","name":"R\u00fcckblick 2018 - Kulturverein Wunderlich, Kufstein, Tirol, Kabarett, Konzerte","isPartOf":{"@id":"https:\/\/www.woassteh.com\/files\/#website"},"datePublished":"2018-03-15T15:12:54+00:00","dateModified":"2018-12-03T07:04:44+00:00","breadcrumb":{"@id":"https:\/\/www.woassteh.com\/files\/rueckblick-2018\/#breadcrumb"},"inLanguage":"de","potentialAction":[{"@type":"ReadAction","target":["https:\/\/www.woassteh.com\/files\/rueckblick-2018\/"]}]},{"@type":"BreadcrumbList","@id":"https:\/\/www.woassteh.com\/files\/rueckblick-2018\/#breadcrumb","itemListElement":[{"@type":"ListItem","position":1,"name":"Home","item":"https:\/\/www.woassteh.com\/files\/"},{"@type":"ListItem","position":2,"name":"R\u00fcckblick 2018"}]},{"@type":"WebSite","@id":"https:\/\/www.woassteh.com\/files\/#website","url":"https:\/\/www.woassteh.com\/files\/","name":"Kulturverein Wunderlich","description":"","potentialAction":[{"@type":"SearchAction","target":{"@type":"EntryPoint","urlTemplate":"https:\/\/www.woassteh.com\/files\/?s={search_term_string}"},"query-input":{"@type":"PropertyValueSpecification","valueRequired":true,"valueName":"search_term_string"}}],"inLanguage":"de"}]}},"_links":{"self":[{"href":"https:\/\/www.woassteh.com\/files\/wp-json\/wp\/v2\/pages\/873","targetHints":{"allow":["GET"]}}],"collection":[{"href":"https:\/\/www.woassteh.com\/files\/wp-json\/wp\/v2\/pages"}],"about":[{"href":"https:\/\/www.woassteh.com\/files\/wp-json\/wp\/v2\/types\/page"}],"author":[{"embeddable":true,"href":"https:\/\/www.woassteh.com\/files\/wp-json\/wp\/v2\/users\/1"}],"replies":[{"embeddable":true,"href":"https:\/\/www.woassteh.com\/files\/wp-json\/wp\/v2\/comments?post=873"}],"version-history":[{"count":11,"href":"https:\/\/www.woassteh.com\/files\/wp-json\/wp\/v2\/pages\/873\/revisions"}],"predecessor-version":[{"id":998,"href":"https:\/\/www.woassteh.com\/files\/wp-json\/wp\/v2\/pages\/873\/revisions\/998"}],"wp:attachment":[{"href":"https:\/\/www.woassteh.com\/files\/wp-json\/wp\/v2\/media?parent=873"}],"curies":[{"name":"wp","href":"https:\/\/api.w.org\/{rel}","templated":true}]}}