{"id":29,"date":"2013-08-27T08:11:53","date_gmt":"2013-08-27T06:11:53","guid":{"rendered":"http:\/\/www.wp11277739.server-he.de\/files\/?page_id=29"},"modified":"2022-06-25T16:19:47","modified_gmt":"2022-06-25T14:19:47","slug":"impressum","status":"publish","type":"page","link":"https:\/\/www.woassteh.com\/files\/impressum\/","title":{"rendered":"Impressum"},"content":{"rendered":"<p>Unsere Datenschutzerkl\u00e4rung finden Sie <a href=\"http:\/\/www.woassteh.com\/files\/datenschutzerklaerung\/\">&gt;&gt;hier<\/a><\/p>\n<p>Herausgeber:<br \/>\nKulturverein Wunderlich<br \/>\nMag. Hugo Neuhauser<br \/>\nKronthalerstrasse 2<br \/>\nA -6330 Kufstein<br \/>\nTel.: +43 664 834 95 48<br \/>\nMail: hugo @ woassteh.com (ACHTUNG: Leerzeichen vor und nach dem @ weglassen)<br \/>\nMail: c.widauer @ woassteh.com (ACHTUNG: Leerzeichen vor und nach dem @ weglassen)<\/p>\n<p>Bankverbindung: Sparkasse Kufstein<br \/>\nIBAN: AT692050600000028472<br \/>\nBIC: SPKUAT22XXX<\/p>\n<p>UID-NR.: ATU56656434<\/p>\n<p>F\u00fcr den Inhalt verantwortlich:<br \/>\nHugo Neuhauser<\/p>\n<p><strong>Copyright<\/strong><br \/>\n\u00a9 Kulturverein Wunderlich, Kufstein 2004 &#8211; 2022 Alle Rechte vorbehalten.<\/p>\n<p>Der Herausgeber dieser Homepage ist verantwortlich f\u00fcr die vorliegenden Inhalte. Die Zusammenstellung aller Informationen erfolgte mit gro\u00dfer Sorgfalt. Trotzdem kann keine Gew\u00e4hr f\u00fcr die Richtigkeit, Vollst\u00e4ndigkeit, Aktualit\u00e4t, Funktionalit\u00e4t und st\u00e4ndige Verf\u00fcgbarkeit der Informationen \u00fcbernommen werden. Es ist deshalb jedliche Haftung f\u00fcr Sch\u00e4den ausgeschlossen, die aus der Nutzung dieses Informationsangebotes entstehen.<\/p>\n<p>Der Herausgeber distanziert sich von Inhalten externer, verlinkter Seiten. Es besteht keinerlei Einfluss auf die Inhalte und die Gestaltung eben dieser. Sollte eine der Seiten, auf die gelinkt wird, bedenkliche oder rechtswidrige Inhalte aufweisen, wird der Link sofort nach Inkenntnisnahme entfernt.<\/p>\n<p>Alle Inhalte dieser Seite sind urheberrechtlich gesch\u00fctzt. Eine Nutzung ist ohne Zustimmung des Herausgebers bzw. des Urhebers untersagt.<\/p>\n<div class=\"shariff shariff-align-flex-start shariff-widget-align-flex-start\" data-services=\"facebook\" data-url=\"https%3A%2F%2Fwww.woassteh.com%2Ffiles%2Fimpressum%2F\" data-timestamp=\"1656173987\" data-backendurl=\"https:\/\/www.woassteh.com\/files\/wp-json\/shariff\/v1\/share_counts?\"><ul class=\"shariff-buttons theme-default orientation-horizontal buttonsize-medium\"><li class=\"shariff-button facebook shariff-nocustomcolor\" style=\"background-color:#4273c8\"><a href=\"https:\/\/www.facebook.com\/sharer\/sharer.php?u=https%3A%2F%2Fwww.woassteh.com%2Ffiles%2Fimpressum%2F\" title=\"Bei Facebook teilen\" aria-label=\"Bei Facebook teilen\" role=\"button\" rel=\"nofollow\" class=\"shariff-link\" style=\"; background-color:#3b5998; color:#fff\" target=\"_blank\"><span class=\"shariff-icon\" style=\"\"><svg width=\"32px\" height=\"20px\" xmlns=\"http:\/\/www.w3.org\/2000\/svg\" viewBox=\"0 0 18 32\"><path fill=\"#3b5998\" d=\"M17.1 0.2v4.7h-2.8q-1.5 0-2.1 0.6t-0.5 1.9v3.4h5.2l-0.7 5.3h-4.5v13.6h-5.5v-13.6h-4.5v-5.3h4.5v-3.9q0-3.3 1.9-5.2t5-1.8q2.6 0 4.1 0.2z\"\/><\/svg><\/span><span class=\"shariff-text\">teilen<\/span>&nbsp;<\/a><\/li><\/ul><\/div>","protected":false},"excerpt":{"rendered":"<p>Unsere Datenschutzerkl\u00e4rung finden Sie &gt;&gt;hier Herausgeber: Kulturverein Wunderlich Mag. Hugo Neuhauser Kronthalerstrasse 2 A -6330 Kufstein Tel.: +43 664 834 95 48 Mail: hugo @ woassteh.com (ACHTUNG: Leerzeichen vor und nach dem @ weglassen) Mail: c.widauer @ woassteh.com (ACHTUNG: Leerzeichen vor und nach dem @ weglassen) Bankverbindung: Sparkasse Kufstein IBAN: &#8230;<\/p>\n","protected":false},"author":1,"featured_media":0,"parent":0,"menu_order":0,"comment_status":"closed","ping_status":"open","template":"","meta":{"footnotes":""},"class_list":["post-29","page","type-page","status-publish","hentry","column","threecol"],"yoast_head":"<!-- This site is optimized with the Yoast SEO plugin v27.0 - https:\/\/yoast.com\/product\/yoast-seo-wordpress\/ -->\n<title>Impressum - Kulturverein Wunderlich, Kufstein, Tirol, Kabarett, Konzerte<\/title>\n<meta name=\"robots\" content=\"index, follow, max-snippet:-1, max-image-preview:large, max-video-preview:-1\" \/>\n<link rel=\"canonical\" href=\"https:\/\/www.woassteh.com\/files\/impressum\/\" \/>\n<meta name=\"twitter:label1\" content=\"Gesch\u00e4tzte Lesezeit\" \/>\n\t<meta name=\"twitter:data1\" content=\"1\u00a0Minute\" \/>\n<script type=\"application\/ld+json\" class=\"yoast-schema-graph\">{\"@context\":\"https:\/\/schema.org\",\"@graph\":[{\"@type\":\"WebPage\",\"@id\":\"https:\/\/www.woassteh.com\/files\/impressum\/\",\"url\":\"https:\/\/www.woassteh.com\/files\/impressum\/\",\"name\":\"Impressum - Kulturverein Wunderlich, Kufstein, Tirol, Kabarett, Konzerte\",\"isPartOf\":{\"@id\":\"https:\/\/www.woassteh.com\/files\/#website\"},\"datePublished\":\"2013-08-27T06:11:53+00:00\",\"dateModified\":\"2022-06-25T14:19:47+00:00\",\"breadcrumb\":{\"@id\":\"https:\/\/www.woassteh.com\/files\/impressum\/#breadcrumb\"},\"inLanguage\":\"de\",\"potentialAction\":[{\"@type\":\"ReadAction\",\"target\":[\"https:\/\/www.woassteh.com\/files\/impressum\/\"]}]},{\"@type\":\"BreadcrumbList\",\"@id\":\"https:\/\/www.woassteh.com\/files\/impressum\/#breadcrumb\",\"itemListElement\":[{\"@type\":\"ListItem\",\"position\":1,\"name\":\"Home\",\"item\":\"https:\/\/www.woassteh.com\/files\/\"},{\"@type\":\"ListItem\",\"position\":2,\"name\":\"Impressum\"}]},{\"@type\":\"WebSite\",\"@id\":\"https:\/\/www.woassteh.com\/files\/#website\",\"url\":\"https:\/\/www.woassteh.com\/files\/\",\"name\":\"Kulturverein Wunderlich\",\"description\":\"\",\"potentialAction\":[{\"@type\":\"SearchAction\",\"target\":{\"@type\":\"EntryPoint\",\"urlTemplate\":\"https:\/\/www.woassteh.com\/files\/?s={search_term_string}\"},\"query-input\":{\"@type\":\"PropertyValueSpecification\",\"valueRequired\":true,\"valueName\":\"search_term_string\"}}],\"inLanguage\":\"de\"}]}<\/script>\n<!-- \/ Yoast SEO plugin. -->","yoast_head_json":{"title":"Impressum - Kulturverein Wunderlich, Kufstein, Tirol, Kabarett, Konzerte","robots":{"index":"index","follow":"follow","max-snippet":"max-snippet:-1","max-image-preview":"max-image-preview:large","max-video-preview":"max-video-preview:-1"},"canonical":"https:\/\/www.woassteh.com\/files\/impressum\/","twitter_misc":{"Gesch\u00e4tzte Lesezeit":"1\u00a0Minute"},"schema":{"@context":"https:\/\/schema.org","@graph":[{"@type":"WebPage","@id":"https:\/\/www.woassteh.com\/files\/impressum\/","url":"https:\/\/www.woassteh.com\/files\/impressum\/","name":"Impressum - Kulturverein Wunderlich, Kufstein, Tirol, Kabarett, Konzerte","isPartOf":{"@id":"https:\/\/www.woassteh.com\/files\/#website"},"datePublished":"2013-08-27T06:11:53+00:00","dateModified":"2022-06-25T14:19:47+00:00","breadcrumb":{"@id":"https:\/\/www.woassteh.com\/files\/impressum\/#breadcrumb"},"inLanguage":"de","potentialAction":[{"@type":"ReadAction","target":["https:\/\/www.woassteh.com\/files\/impressum\/"]}]},{"@type":"BreadcrumbList","@id":"https:\/\/www.woassteh.com\/files\/impressum\/#breadcrumb","itemListElement":[{"@type":"ListItem","position":1,"name":"Home","item":"https:\/\/www.woassteh.com\/files\/"},{"@type":"ListItem","position":2,"name":"Impressum"}]},{"@type":"WebSite","@id":"https:\/\/www.woassteh.com\/files\/#website","url":"https:\/\/www.woassteh.com\/files\/","name":"Kulturverein Wunderlich","description":"","potentialAction":[{"@type":"SearchAction","target":{"@type":"EntryPoint","urlTemplate":"https:\/\/www.woassteh.com\/files\/?s={search_term_string}"},"query-input":{"@type":"PropertyValueSpecification","valueRequired":true,"valueName":"search_term_string"}}],"inLanguage":"de"}]}},"_links":{"self":[{"href":"https:\/\/www.woassteh.com\/files\/wp-json\/wp\/v2\/pages\/29","targetHints":{"allow":["GET"]}}],"collection":[{"href":"https:\/\/www.woassteh.com\/files\/wp-json\/wp\/v2\/pages"}],"about":[{"href":"https:\/\/www.woassteh.com\/files\/wp-json\/wp\/v2\/types\/page"}],"author":[{"embeddable":true,"href":"https:\/\/www.woassteh.com\/files\/wp-json\/wp\/v2\/users\/1"}],"replies":[{"embeddable":true,"href":"https:\/\/www.woassteh.com\/files\/wp-json\/wp\/v2\/comments?post=29"}],"version-history":[{"count":13,"href":"https:\/\/www.woassteh.com\/files\/wp-json\/wp\/v2\/pages\/29\/revisions"}],"predecessor-version":[{"id":1531,"href":"https:\/\/www.woassteh.com\/files\/wp-json\/wp\/v2\/pages\/29\/revisions\/1531"}],"wp:attachment":[{"href":"https:\/\/www.woassteh.com\/files\/wp-json\/wp\/v2\/media?parent=29"}],"curies":[{"name":"wp","href":"https:\/\/api.w.org\/{rel}","templated":true}]}}